{"id":3226,"date":"2017-06-01T07:46:59","date_gmt":"2017-06-01T07:46:59","guid":{"rendered":"http:\/\/demoapus.com\/apushome\/?page_id=2"},"modified":"2020-08-19T17:04:06","modified_gmt":"2020-08-19T17:04:06","slug":"financeira","status":"publish","type":"page","link":"https:\/\/comosolutions.pt\/en\/financeira\/","title":{"rendered":"Financial"},"content":{"rendered":"<p>Specialists in credit and investment solutions for you or your business.<br>We provide a Financial Consulting service.<\/p>\n<p>Personal Loans, Housing Loans, Consumer Loans, Business Support Loans and Consolidated Loans.<\/p>\n<p>We are here to help you.<\/p>\n<p><a href=\"http:\/\/comosolutions.hexangulo.com\/index.php\/contacto\/\">Contact us.<\/a><\/p>\n<br>\n<br>\n\n\n<p><\/p>","protected":false},"excerpt":{"rendered":"<p>Especialistas em solu\u00e7\u00f5es de cr\u00e9dito e investimento para si ou para o seu neg\u00f3cio.Prestamos um servi\u00e7o de Consultoria Financeira. Cr\u00e9dito Pessoal, Cr\u00e9dito \u00e0 Habita\u00e7\u00e3o, Cr\u00e9dito ao Consumo, Cr\u00e9dito de Apoio Empresarial e Cr\u00e9dito Consolidado. Estamos aqui para o ajudar. Contacte-nos.<\/p>","protected":false},"author":1,"featured_media":0,"parent":0,"menu_order":0,"comment_status":"closed","ping_status":"open","template":"","meta":{"footnotes":""},"class_list":["post-3226","page","type-page","status-publish","hentry"],"_links":{"self":[{"href":"https:\/\/comosolutions.pt\/en\/wp-json\/wp\/v2\/pages\/3226","targetHints":{"allow":["GET"]}}],"collection":[{"href":"https:\/\/comosolutions.pt\/en\/wp-json\/wp\/v2\/pages"}],"about":[{"href":"https:\/\/comosolutions.pt\/en\/wp-json\/wp\/v2\/types\/page"}],"author":[{"embeddable":true,"href":"https:\/\/comosolutions.pt\/en\/wp-json\/wp\/v2\/users\/1"}],"replies":[{"embeddable":true,"href":"https:\/\/comosolutions.pt\/en\/wp-json\/wp\/v2\/comments?post=3226"}],"version-history":[{"count":4,"href":"https:\/\/comosolutions.pt\/en\/wp-json\/wp\/v2\/pages\/3226\/revisions"}],"predecessor-version":[{"id":3388,"href":"https:\/\/comosolutions.pt\/en\/wp-json\/wp\/v2\/pages\/3226\/revisions\/3388"}],"wp:attachment":[{"href":"https:\/\/comosolutions.pt\/en\/wp-json\/wp\/v2\/media?parent=3226"}],"curies":[{"name":"wp","href":"https:\/\/api.w.org\/{rel}","templated":true}]}}