{"id":2495,"date":"2017-06-14T06:51:57","date_gmt":"2017-06-14T06:51:57","guid":{"rendered":"http:\/\/demoapus.com\/apushome\/?page_id=2495"},"modified":"2020-09-02T13:01:48","modified_gmt":"2020-09-02T13:01:48","slug":"about","status":"publish","type":"page","link":"https:\/\/comosolutions.pt\/en\/about\/","title":{"rendered":"About Us"},"content":{"rendered":"<div class=\"vc_row wpb_row vc_row-fluid\"><div class=\"wpb_column vc_column_container vc_col-sm-12\"><div class=\"vc_column-inner\"><div class=\"wpb_wrapper\"><div class=\"vc_empty_space\"   style=\"height: 30px\"><span class=\"vc_empty_space_inner\"><\/span><\/div><div class=\"vc_row wpb_row vc_inner vc_row-fluid\"><div class=\"wpb_column vc_column_container vc_col-sm-6\"><div class=\"vc_column-inner\"><div class=\"wpb_wrapper\"><div class=\"widget-video has-bg\">\n            <div class=\"bg-img\">\n            \t\t\t<div class=\"image-wrapper\">\r\n\t\t\t\t<img decoding=\"async\" src=\"https:\/\/comosolutions.pt\/wp-content\/themes\/apushome\/images\/placeholder\/570x350.png\" data-src=\"https:\/\/comosolutions.pt\/wp-content\/uploads\/2017\/06\/Layer-1231.jpg\" alt=\"\" class=\"unveil-image\">\r\n\t\t\t<\/div>\r\n\t\t\t        <\/div>\n        <div class=\"video-wrapper-inner\">\n    \t<div class=\"video\">\n    \t\t    \t\t    \t<\/div>\n\t<\/div>\n        <\/div><\/div><\/div><\/div><div class=\"space-rl-30 wpb_column vc_column_container vc_col-sm-6\"><div class=\"vc_column-inner\"><div class=\"wpb_wrapper\"><div class=\"vc_empty_space\"   style=\"height: 35px\"><span class=\"vc_empty_space_inner\"><\/span><\/div><div class=\"widget-text-heading  small\">\r\n            <h3 class=\"title\">\r\n            <p>About Us<\/p>\n        <\/h3>\r\n                <div class=\"description\">\r\n            ComoSolutions, presents itself as a dynamic and modern real estate company, which privileges a conduct based on values such as honesty, professionalism, transparency and speed.<\/p>\n<p>Betting on development and innovation, it is equipped with the most modern computer platforms, as well as a constant modernization, a continuous and necessary adaptation, to the current procedures of Real Estate Mediation in Portugal.        <\/div>\r\n    <\/div><div class=\"vc_empty_space\"   style=\"height: 15px\"><span class=\"vc_empty_space_inner\"><\/span><\/div><\/div><\/div><\/div><\/div><div class=\"vc_empty_space\"   style=\"height: 30px\"><span class=\"vc_empty_space_inner\"><\/span><\/div><div class=\"vc_empty_space  hidden-sm hidden-xs\"   style=\"height: 30px\"><span class=\"vc_empty_space_inner\"><\/span><\/div><\/div><\/div><\/div><\/div><div data-vc-full-width=\"true\" data-vc-full-width-init=\"false\" class=\"vc_row wpb_row vc_row-fluid vc_custom_1497672443031 vc_row-has-fill\"><div class=\"wpb_column vc_column_container vc_col-sm-12\"><div class=\"vc_column-inner\"><div class=\"wpb_wrapper\"><div class=\"vc_empty_space\"   style=\"height: 50px\"><span class=\"vc_empty_space_inner\"><\/span><\/div><h2 style=\"font-size: 30px;color: #2c394c;text-align: left\" class=\"vc_custom_heading vc_custom_1596720486190\" >What We Do<\/h2><div class=\"vc_row wpb_row vc_inner vc_row-fluid\"><div class=\"wpb_column vc_column_container vc_col-sm-4\"><div class=\"vc_column-inner vc_custom_1497673158872\"><div class=\"wpb_wrapper\"><div class=\"widget-service\">\n\t        <h3 class=\"title\" >\n           <span>Real Estate<\/span>\n        <\/h3>\n                <div class=\"description\">\n            <p>At ComoSolutions you will find the best offer for your needs. Sell, buy, rent or lease, we have the best solutions. Contact us and check it out today!<\/p>\n        <\/div>\n    <\/div><\/div><\/div><\/div><div class=\"wpb_column vc_column_container vc_col-sm-4\"><div class=\"vc_column-inner vc_custom_1497673187283\"><div class=\"wpb_wrapper\"><div class=\"widget-service  feature\">\n\t        <h3 class=\"title\" >\n           <span>Financial<\/span>\n        <\/h3>\n                <div class=\"description\">\n            <p>Specialists in credit and investment solutions for you or your business. We provide a Financial Consulting service. Contact us now.<br \/>\nWe are here to help you.<\/p>\n        <\/div>\n    <\/div><\/div><\/div><\/div><div class=\"wpb_column vc_column_container vc_col-sm-4\"><div class=\"vc_column-inner vc_custom_1497673148624\"><div class=\"wpb_wrapper\"><div class=\"widget-service\">\n\t        <h3 class=\"title\" >\n           <span>Insurance Company<\/span>\n        <\/h3>\n                <div class=\"description\">\n            <p>ComoSolutions has insurance solutions for people and\/or companies. Get to know all the insurance options and choose the one that best fits your needs. Contact us.<\/p>\n        <\/div>\n    <\/div><\/div><\/div><\/div><\/div><div class=\"vc_empty_space\"   style=\"height: 30px\"><span class=\"vc_empty_space_inner\"><\/span><\/div><div class=\"vc_empty_space  hidden-sm hidden-xs\"   style=\"height: 30px\"><span class=\"vc_empty_space_inner\"><\/span><\/div><\/div><\/div><\/div><\/div><div class=\"vc_row-full-width vc_clearfix\"><\/div><div class=\"vc_row wpb_row vc_row-fluid\"><div class=\"wpb_column vc_column_container vc_col-sm-6\"><div class=\"vc_column-inner\"><div class=\"wpb_wrapper\"><div class=\"vc_empty_space\"   style=\"height: 50px\"><span class=\"vc_empty_space_inner\"><\/span><\/div><h2 style=\"font-size: 30px;color: #222222;text-align: left\" class=\"vc_custom_heading vc_custom_1596720535215\" >Why choose COMO Solutions?<\/h2><div class=\"widget-text-heading  small\">\r\n                <div class=\"description\">\r\n            Our main objective and ambition is the total satisfaction of our customers in the services provided - sale, purchase, lease or transfer as well as, the continuous improvement of our service so that we can serve you in a way of excellence.<br \/>\nWe have at your disposal a competent commercial team with extensive experience in real estate to help you.<\/p>\n<p>Our attitude is distinctive, count on ComoSolutions to find what you are really looking for.        <\/div>\r\n    <\/div><div class=\"vc_empty_space\"   style=\"height: 20px\"><span class=\"vc_empty_space_inner\"><\/span><\/div><\/div><\/div><\/div><div class=\"wpb_column vc_column_container vc_col-sm-6\"><div class=\"vc_column-inner\"><div class=\"wpb_wrapper\">\n\t<div  class=\"wpb_single_image wpb_content_element vc_align_center\">\n\t\t\n\t\t<figure class=\"wpb_wrapper vc_figure\">\n\t\t\t<div class=\"vc_single_image-wrapper   vc_box_border_grey\"><img loading=\"lazy\" decoding=\"async\" width=\"408\" height=\"405\" src=\"https:\/\/comosolutions.pt\/wp-content\/uploads\/2017\/06\/About-Us-e1597854288163.jpg\" class=\"vc_single_image-img attachment-full\" alt=\"\" srcset=\"https:\/\/comosolutions.pt\/wp-content\/uploads\/2017\/06\/About-Us-e1597854288163.jpg 408w, https:\/\/comosolutions.pt\/wp-content\/uploads\/2017\/06\/About-Us-e1597854288163-300x298.jpg 300w, https:\/\/comosolutions.pt\/wp-content\/uploads\/2017\/06\/About-Us-e1597854288163-150x150.jpg 150w, https:\/\/comosolutions.pt\/wp-content\/uploads\/2017\/06\/About-Us-e1597854288163-42x42.jpg 42w\" sizes=\"auto, (max-width: 408px) 100vw, 408px\" \/><\/div>\n\t\t<\/figure>\n\t<\/div>\n<\/div><\/div><\/div><\/div>","protected":false},"excerpt":{"rendered":"Quem Somos A ComoSolutions, apresenta-se como uma imobili\u00e1ria din\u00e2mica e moderna, que privilegia uma conduta assente em valores como a honestidade, profissionalismo, transpar\u00eancia e rapidez. Apostando no desenvolvimento e na inova\u00e7\u00e3o, est\u00e1 equipada com as mais modernas plataformas inform\u00e1ticas, bem como numa constante moderniza\u00e7\u00e3o, numa cont\u00ednua e necess\u00e1ria adapta\u00e7\u00e3o, aos atuais procedimentos da Media\u00e7\u00e3o Imobili\u00e1ria &hellip; <br \/><a href=\"https:\/\/comosolutions.pt\/en\/about\/\" class=\"more-link\">Continue reading <span class=\"screen-reader-text\">About Us<\/span><\/a>","protected":false},"author":1,"featured_media":0,"parent":0,"menu_order":0,"comment_status":"closed","ping_status":"closed","template":"","meta":{"footnotes":""},"class_list":["post-2495","page","type-page","status-publish","hentry"],"_links":{"self":[{"href":"https:\/\/comosolutions.pt\/en\/wp-json\/wp\/v2\/pages\/2495","targetHints":{"allow":["GET"]}}],"collection":[{"href":"https:\/\/comosolutions.pt\/en\/wp-json\/wp\/v2\/pages"}],"about":[{"href":"https:\/\/comosolutions.pt\/en\/wp-json\/wp\/v2\/types\/page"}],"author":[{"embeddable":true,"href":"https:\/\/comosolutions.pt\/en\/wp-json\/wp\/v2\/users\/1"}],"replies":[{"embeddable":true,"href":"https:\/\/comosolutions.pt\/en\/wp-json\/wp\/v2\/comments?post=2495"}],"version-history":[{"count":6,"href":"https:\/\/comosolutions.pt\/en\/wp-json\/wp\/v2\/pages\/2495\/revisions"}],"predecessor-version":[{"id":3570,"href":"https:\/\/comosolutions.pt\/en\/wp-json\/wp\/v2\/pages\/2495\/revisions\/3570"}],"wp:attachment":[{"href":"https:\/\/comosolutions.pt\/en\/wp-json\/wp\/v2\/media?parent=2495"}],"curies":[{"name":"wp","href":"https:\/\/api.w.org\/{rel}","templated":true}]}}