{"id":2,"date":"2020-08-04T10:59:40","date_gmt":"2020-08-04T10:59:40","guid":{"rendered":"http:\/\/comosolutions.hexangulo.com\/?page_id=2"},"modified":"2020-08-19T17:06:32","modified_gmt":"2020-08-19T17:06:32","slug":"seguradora","status":"publish","type":"page","link":"https:\/\/comosolutions.pt\/en\/seguradora\/","title":{"rendered":"Insurance Company"},"content":{"rendered":"<p>ComoSolutions has insurance solutions for people and\/or companies. Get to know all the insurance options and choose the one that best fits your needs.&nbsp;<\/p>\n<p>Auto, Home, Health, Life or Business insurance option.&nbsp;<\/p>\n<p><a href=\"http:\/\/comosolutions.hexangulo.com\/index.php\/contacto\/\">Contact us.<\/a><\/p>\n\n\n<p>&nbsp;<\/p>","protected":false},"excerpt":{"rendered":"<p>A ComoSolutions disp\u00f5e de solu\u00e7\u00f5es de seguros para pessoas e\/ou empresas. Conhe\u00e7a todos as op\u00e7\u00f5es de seguros e escolha a que mais se adapta \u00e0s suas necessidades.&nbsp; Op\u00e7\u00e3o de seguros Auto, Casa, Sa\u00fade, Vida ou Empresas.&nbsp; Contacte-nos. &nbsp;<\/p>","protected":false},"author":1,"featured_media":0,"parent":0,"menu_order":0,"comment_status":"closed","ping_status":"open","template":"","meta":{"footnotes":""},"class_list":["post-2","page","type-page","status-publish","hentry"],"_links":{"self":[{"href":"https:\/\/comosolutions.pt\/en\/wp-json\/wp\/v2\/pages\/2","targetHints":{"allow":["GET"]}}],"collection":[{"href":"https:\/\/comosolutions.pt\/en\/wp-json\/wp\/v2\/pages"}],"about":[{"href":"https:\/\/comosolutions.pt\/en\/wp-json\/wp\/v2\/types\/page"}],"author":[{"embeddable":true,"href":"https:\/\/comosolutions.pt\/en\/wp-json\/wp\/v2\/users\/1"}],"replies":[{"embeddable":true,"href":"https:\/\/comosolutions.pt\/en\/wp-json\/wp\/v2\/comments?post=2"}],"version-history":[{"count":3,"href":"https:\/\/comosolutions.pt\/en\/wp-json\/wp\/v2\/pages\/2\/revisions"}],"predecessor-version":[{"id":3389,"href":"https:\/\/comosolutions.pt\/en\/wp-json\/wp\/v2\/pages\/2\/revisions\/3389"}],"wp:attachment":[{"href":"https:\/\/comosolutions.pt\/en\/wp-json\/wp\/v2\/media?parent=2"}],"curies":[{"name":"wp","href":"https:\/\/api.w.org\/{rel}","templated":true}]}}